{"id":100,"date":"2018-11-11T10:25:26","date_gmt":"2018-11-11T09:25:26","guid":{"rendered":"http:\/\/acmstudio.net\/gmwp\/?page_id=100"},"modified":"2023-03-30T11:52:21","modified_gmt":"2023-03-30T09:52:21","slug":"les-colombes-napparaissent-pas-par-hasard","status":"publish","type":"page","link":"https:\/\/acmstudio.net\/gmwp\/index.php\/les-colombes-napparaissent-pas-par-hasard\/","title":{"rendered":"Les Colombes n&rsquo;apparaissent pas par hasard"},"content":{"rendered":"<div class=\"gm100\">\n<div class=\"gm60\">Odile, 47 ans, d\u00e9j\u00e0 veuve, vit une existence monotone. Atteinte de la phobie des miroirs depuis la mort de son mari, elle poursuit une psychanalyse, sans grande conviction.<\/p>\n<p>Un jour, une myst\u00e9rieuse jeune femme appara\u00eet dans le salon d\u2019Odile. Cambrioleuse&nbsp;? Non. Celle qui se pr\u00e9sente comme une amie se r\u00e9v\u00e8le d\u2019autant plus troublante qu\u2019elle semble tout conna\u00eetre d\u2019Odile, jusqu\u2019\u00e0 ses souvenirs d\u2019enfance. Mais Odile, fille de prestidigitateur, ne croit pas au surnaturel.<\/p>\n<p>Insensiblement guid\u00e9e par le psychanalyste, Odile parviendra \u00e0 \u00e9claircir cet \u00e9cheveau, se confrontant aux questions du double, et de l\u2019image d\u2019un moi id\u00e9al, jusqu\u2019\u00e0 d\u00e9couvrir qui se cache derri\u00e8re Elisabeth.<\/p>\n<\/div>\n<div class=\"gm40\">\n<img loading=\"lazy\" decoding=\"async\" class=\"aligncenter size-thumbnail wp-image-76\" src=\"http:\/\/acmstudio.net\/gmwp\/wp-content\/uploads\/2018\/11\/dove-150x150.jpg\" alt=\"\" width=\"150\" height=\"150\"><\/div>\n<\/div>\n<p>Pi\u00e8ce class\u00e9e troisi\u00e8me du <a href=\"https:\/\/www.petit-theatre-de-vallieres.com\/page\/concours-palmares-des-annees-precedentes\">Concours d&rsquo;auteurs du Th\u00e9\u00e2tre de Valli\u00e8res 2022<\/a><\/p>\n","protected":false},"excerpt":{"rendered":"<p>Odile, 47 ans, d\u00e9j\u00e0 veuve, vit une existence monotone. Atteinte de la phobie des miroirs depuis la mort de son mari, elle poursuit une psychanalyse, sans grande conviction. Un jour, une myst\u00e9rieuse jeune femme appara\u00eet dans le salon d\u2019Odile. Cambrioleuse&nbsp;? Non. Celle qui se pr\u00e9sente comme une amie se r\u00e9v\u00e8le d\u2019autant plus troublante qu\u2019elle semble [&hellip;]<\/p>\n","protected":false},"author":1,"featured_media":0,"parent":0,"menu_order":0,"comment_status":"closed","ping_status":"closed","template":"","meta":{"footnotes":""},"_links":{"self":[{"href":"https:\/\/acmstudio.net\/gmwp\/index.php\/wp-json\/wp\/v2\/pages\/100"}],"collection":[{"href":"https:\/\/acmstudio.net\/gmwp\/index.php\/wp-json\/wp\/v2\/pages"}],"about":[{"href":"https:\/\/acmstudio.net\/gmwp\/index.php\/wp-json\/wp\/v2\/types\/page"}],"author":[{"embeddable":true,"href":"https:\/\/acmstudio.net\/gmwp\/index.php\/wp-json\/wp\/v2\/users\/1"}],"replies":[{"embeddable":true,"href":"https:\/\/acmstudio.net\/gmwp\/index.php\/wp-json\/wp\/v2\/comments?post=100"}],"version-history":[{"count":5,"href":"https:\/\/acmstudio.net\/gmwp\/index.php\/wp-json\/wp\/v2\/pages\/100\/revisions"}],"predecessor-version":[{"id":622,"href":"https:\/\/acmstudio.net\/gmwp\/index.php\/wp-json\/wp\/v2\/pages\/100\/revisions\/622"}],"wp:attachment":[{"href":"https:\/\/acmstudio.net\/gmwp\/index.php\/wp-json\/wp\/v2\/media?parent=100"}],"curies":[{"name":"wp","href":"https:\/\/api.w.org\/{rel}","templated":true}]}}