{"id":102,"date":"2018-11-11T10:30:49","date_gmt":"2018-11-11T09:30:49","guid":{"rendered":"http:\/\/acmstudio.net\/gmwp\/?page_id=102"},"modified":"2025-02-10T11:03:57","modified_gmt":"2025-02-10T10:03:57","slug":"le-gambit-du-soldat-sergent","status":"publish","type":"page","link":"https:\/\/acmstudio.net\/gmwp\/index.php\/le-gambit-du-soldat-sergent\/","title":{"rendered":"Le dernier pion"},"content":{"rendered":"<div class=\"gm60\">C\u2019est la guerre ; Damien, jeune professeur de basson, est mobilis\u00e9 et se retrouve affect\u00e9 dans un bunker isol\u00e9, avec pour seul compagnon Michel, un vieux grognard.Condamn\u00e9 \u00e0 attendre des ordres qui ne viennent jamais, mais pr\u00eat \u00e0 toutes les bonnes actions dans l\u2019espoir d\u2019une permission pour revoir sa fianc\u00e9e, Damien enchaine b\u00e9vue sur b\u00e9vue, jusqu\u2019\u00e0 capturer par hasard un prisonnier bien encombrant.<\/div>\n<div class=\"gm40\"><img loading=\"lazy\" decoding=\"async\" src=\"https:\/\/acmstudio.net\/gmwp\/wp-content\/uploads\/2025\/02\/soldat-ecrivant-poeme-reduit.jpg\" alt=\"\" width=\"150\" height=\"150\" \/><\/div>\n<div class=\"gm100\">\n<p>Quand viendra l\u2019assaut final, Damien mettra en oeuvre sa logique militaire tr\u00e8s personnelle pour sauver Michel, au point de se retrouver malgr\u00e9 lui soldat dans l\u2019autre camp, affect\u00e9 dans un bunker isol\u00e9, avec pour seul compagnon un vieux grognard\u2026<\/p>\n<p>Texte class\u00e9 <a href=\"http:\/\/www.eatheatre.fr\/comites-de-lecture\/le-repertoire-tout-public-des-eat\/selection-2016.html\" target=\"_blank\" rel=\"noopener\">premier de la S\u00e9lection Tous Publics E.A.T. 2016<\/a><\/p>\n<p>2e prix au <a href=\"https:\/\/www.petit-theatre-de-vallieres.com\/\" target=\"_blank\" rel=\"noopener\">Concours d&rsquo;auteurs 2024 &#8211; Th\u00e9\u00e2tre de Valli\u00e8res<\/a><\/p>\n<\/div>\n","protected":false},"excerpt":{"rendered":"<p>C\u2019est la guerre ; Damien, jeune professeur de basson, est mobilis\u00e9 et se retrouve affect\u00e9 dans un bunker isol\u00e9, avec pour seul compagnon Michel, un vieux grognard.Condamn\u00e9 \u00e0 attendre des ordres qui ne viennent jamais, mais pr\u00eat \u00e0 toutes les bonnes actions dans l\u2019espoir d\u2019une permission pour revoir sa fianc\u00e9e, Damien enchaine b\u00e9vue sur b\u00e9vue, [&hellip;]<\/p>\n","protected":false},"author":1,"featured_media":893,"parent":0,"menu_order":0,"comment_status":"closed","ping_status":"closed","template":"","meta":{"footnotes":""},"_links":{"self":[{"href":"https:\/\/acmstudio.net\/gmwp\/index.php\/wp-json\/wp\/v2\/pages\/102"}],"collection":[{"href":"https:\/\/acmstudio.net\/gmwp\/index.php\/wp-json\/wp\/v2\/pages"}],"about":[{"href":"https:\/\/acmstudio.net\/gmwp\/index.php\/wp-json\/wp\/v2\/types\/page"}],"author":[{"embeddable":true,"href":"https:\/\/acmstudio.net\/gmwp\/index.php\/wp-json\/wp\/v2\/users\/1"}],"replies":[{"embeddable":true,"href":"https:\/\/acmstudio.net\/gmwp\/index.php\/wp-json\/wp\/v2\/comments?post=102"}],"version-history":[{"count":8,"href":"https:\/\/acmstudio.net\/gmwp\/index.php\/wp-json\/wp\/v2\/pages\/102\/revisions"}],"predecessor-version":[{"id":898,"href":"https:\/\/acmstudio.net\/gmwp\/index.php\/wp-json\/wp\/v2\/pages\/102\/revisions\/898"}],"wp:featuredmedia":[{"embeddable":true,"href":"https:\/\/acmstudio.net\/gmwp\/index.php\/wp-json\/wp\/v2\/media\/893"}],"wp:attachment":[{"href":"https:\/\/acmstudio.net\/gmwp\/index.php\/wp-json\/wp\/v2\/media?parent=102"}],"curies":[{"name":"wp","href":"https:\/\/api.w.org\/{rel}","templated":true}]}}