{"id":2,"date":"2018-11-02T09:44:05","date_gmt":"2018-11-02T08:44:05","guid":{"rendered":"http:\/\/acmstudio.net\/gmwp\/?page_id=2"},"modified":"2023-11-03T12:03:22","modified_gmt":"2023-11-03T11:03:22","slug":"quentindelinger","status":"publish","type":"page","link":"https:\/\/acmstudio.net\/gmwp\/index.php\/quentindelinger\/","title":{"rendered":"Comment devient-on Quentin Delinger ?"},"content":{"rendered":"<div class=\"gm60\">\n<p>Une \u00e9trange cr\u00e9ature androgyne se pr\u00e9sente, pr\u00e9tendant arriver du futur, missionn\u00e9e pour nous alerter \u00e0 propos de la castastrophique climatique qui se profile\u2026<\/p>\n<p>\u00ab\u00a0L&rsquo;humanit\u00e9 habite sur un iceberg qui est en train de fondre\u00a0\u00bb.<\/p>\n<p>Mais, sous pr\u00e9texe que son prototype de machine \u00e0 voyager dans le temps a des rat\u00e9s, cet androgyne reprend encore et toujours le m\u00eame discours\u2026<\/p>\n<\/div>\n<div class=\"gm40\"><img loading=\"lazy\" decoding=\"async\" width=\"150\" height=\"150\" class=\"aligncenter size-thumbnail wp-image-67\" src=\"http:\/\/acmstudio.net\/gmwp\/wp-content\/uploads\/2018\/11\/Couv-Quentin-150x150.jpg\" alt=\"\" srcset=\"https:\/\/acmstudio.net\/gmwp\/wp-content\/uploads\/2018\/11\/Couv-Quentin-150x150.jpg 150w, https:\/\/acmstudio.net\/gmwp\/wp-content\/uploads\/2018\/11\/Couv-Quentin-300x300.jpg 300w, https:\/\/acmstudio.net\/gmwp\/wp-content\/uploads\/2018\/11\/Couv-Quentin-600x599.jpg 600w, https:\/\/acmstudio.net\/gmwp\/wp-content\/uploads\/2018\/11\/Couv-Quentin.jpg 747w\" sizes=\"(max-width: 150px) 100vw, 150px\" \/><\/div>\n<div class=\"gm100\">\n<p>\u00ab\u00a0L&rsquo;humanit\u00e9 habite sur un iceberg qui est en train de fondre&#8230;\u00a0\u00bb<br \/>\n\u00ab\u00a0L&rsquo;humanit\u00e9 habite sur un iceberg qui est en train de fondre&#8230;\u00a0\u00bb<\/p>\n<p>Voil\u00e0 le mauvais spectacle auquel assiste Quentin Delinger. Exc\u00e9d\u00e9, alors qu&rsquo;il quitte la salle au cri de \u00ab\u00a0remboursez&nbsp;!\u00a0\u00bb, Quentin se fait interpeller par son nom, et l&rsquo;androgyne lui r\u00e9v\u00e8le qu&rsquo;il a un grand r\u00f4le \u00e0 jouer pour \u00e9viter la catastrophe climatique&#8230; et le d\u00e9clenchement de la troisi\u00e8me guerre mondiale&nbsp;!<\/p>\n<p>Embarqu\u00e9 malgr\u00e9 lui dans  l&rsquo;histoire, Quentin est subitement ramen\u00e9 au d\u00e9but de la pi\u00e8ce, et va revivre plusieurs fois les m\u00eames sc\u00e8nes, dont, entre autres, le meurtre \u00e0 r\u00e9p\u00e9tition d\u2019une spectatrice, Solange, qui ressuscite selon les caprices de la machine temporelle\u2026<\/p>\n<p>Face \u00e0 cet imbroglio, notre protagoniste oscille entre incr\u00e9dulit\u00e9 et folie. Mais lorsque c\u2019est la spectatrice, Solange elle-m\u00eame, qui d\u00e9barque du futur, Quentin en est convaincu&nbsp;: Oui, la machine \u00e0 voyager dans le temps fonctionne. Assez mal, certes, mais elle fonctionne. Jusqu\u2019o\u00f9 Quentin devra-t-il aller pour convaincre le public&nbsp;? Et sauver l\u2019humanit\u00e9 du d\u00e9sastre&nbsp;?<\/p>\n<p>&nbsp;<\/p>\n<p>Texte laur\u00e9at du <a href=\"https:\/\/www.petit-theatre-de-vallieres.com\/page\/concours-palmares-des-annees-precedentes\" target=\"_blank\" rel=\"noopener\">concours d&rsquo;auteurs 2017 du Petit Th\u00e9\u00e2tre de Valli\u00e8res<\/a><\/p>\n<p>Publi\u00e9 aux <a href=\"https:\/\/www.petit-theatre-de-vallieres.com\/page\/presentation-des-editions\" target=\"_blank\" rel=\"noopener\">Editions du Th\u00e9\u00e2tre de Valli\u00e8res &#8211; Juin 2018<\/a><\/p>\n<\/div>\n","protected":false},"excerpt":{"rendered":"<p>Une \u00e9trange cr\u00e9ature androgyne se pr\u00e9sente, pr\u00e9tendant arriver du futur, missionn\u00e9e pour nous alerter \u00e0 propos de la castastrophique climatique qui se profile\u2026 \u00ab\u00a0L&rsquo;humanit\u00e9 habite sur un iceberg qui est en train de fondre\u00a0\u00bb. Mais, sous pr\u00e9texe que son prototype de machine \u00e0 voyager dans le temps a des rat\u00e9s, cet androgyne reprend encore et [&hellip;]<\/p>\n","protected":false},"author":1,"featured_media":0,"parent":0,"menu_order":0,"comment_status":"closed","ping_status":"open","template":"","meta":{"footnotes":""},"_links":{"self":[{"href":"https:\/\/acmstudio.net\/gmwp\/index.php\/wp-json\/wp\/v2\/pages\/2"}],"collection":[{"href":"https:\/\/acmstudio.net\/gmwp\/index.php\/wp-json\/wp\/v2\/pages"}],"about":[{"href":"https:\/\/acmstudio.net\/gmwp\/index.php\/wp-json\/wp\/v2\/types\/page"}],"author":[{"embeddable":true,"href":"https:\/\/acmstudio.net\/gmwp\/index.php\/wp-json\/wp\/v2\/users\/1"}],"replies":[{"embeddable":true,"href":"https:\/\/acmstudio.net\/gmwp\/index.php\/wp-json\/wp\/v2\/comments?post=2"}],"version-history":[{"count":38,"href":"https:\/\/acmstudio.net\/gmwp\/index.php\/wp-json\/wp\/v2\/pages\/2\/revisions"}],"predecessor-version":[{"id":637,"href":"https:\/\/acmstudio.net\/gmwp\/index.php\/wp-json\/wp\/v2\/pages\/2\/revisions\/637"}],"wp:attachment":[{"href":"https:\/\/acmstudio.net\/gmwp\/index.php\/wp-json\/wp\/v2\/media?parent=2"}],"curies":[{"name":"wp","href":"https:\/\/api.w.org\/{rel}","templated":true}]}}