{"id":223,"date":"2018-11-17T15:11:01","date_gmt":"2018-11-17T14:11:01","guid":{"rendered":"http:\/\/acmstudio.net\/gmwp\/?page_id=223"},"modified":"2024-11-11T12:02:20","modified_gmt":"2024-11-11T11:02:20","slug":"scenes-theatre","status":"publish","type":"page","link":"https:\/\/acmstudio.net\/gmwp\/index.php\/scenes-theatre\/","title":{"rendered":"Sc\u00e8nes : Th\u00e9\u00e2tre"},"content":{"rendered":"<div class=\"gm60\">\n<ul>\n<li><strong>Petit boulot pour vieux clown<\/strong> (M. Visniec), mise en sc\u00e8ne de Marie Le Stanc, r\u00f4le de Nicollo (Paris, Festival d\u2019Avignon Off 2016 <a href=\"https:\/\/sites.google.com\/site\/petitboulotclown\/\" target=\"_blank\" rel=\"noopener\"> (&gt;&gt; D\u00e9tails&#8230;)<\/a>, puis diverses dates en France)<\/li>\n<li>Spectacles de clowns avec la <strong>Compagnie des Charbonniers <\/strong> et le <strong>C.A.C (Collectif d&rsquo;action clownesque) <\/strong>: 2012 &#8211; 2016.<\/li>\n<li><strong>L&rsquo; Hiver sous la table<\/strong> (R. Topor), mise en sc\u00e8ne de Marie Le Stanc, r\u00f4le de Gritzka (repr\u00e9sentations \u00e0 Paris en Juin et Juillet 2009, puis province jusqu&rsquo;en Juin 2010 &#8211; Carhaix \/ Clairefontaine \/ Rouen&#8230;)<\/li>\n<li><strong>Don Juan revient de guerre<\/strong> (O. von Horvath), mise en sc\u00e8ne de Christian Taponard, r\u00f4le de Don Juan, (repr\u00e9sentations en Juillet 2007).<\/li>\n<\/ul>\n<\/div>\n<div class=\"gm40\"><img loading=\"lazy\" decoding=\"async\" class=\"aligncenter size-medium wp-image-75\" src=\"http:\/\/acmstudio.net\/gmwp\/wp-content\/uploads\/2018\/11\/Footsbarn-1-240x300.jpg\" alt=\"\" width=\"240\" height=\"300\" srcset=\"https:\/\/acmstudio.net\/gmwp\/wp-content\/uploads\/2018\/11\/Footsbarn-1-240x300.jpg 240w, https:\/\/acmstudio.net\/gmwp\/wp-content\/uploads\/2018\/11\/Footsbarn-1.jpg 484w\" sizes=\"(max-width: 240px) 100vw, 240px\" \/><\/div>\n<div class=\"gm100\">\n<ul>\n<li><strong>(im)Mobile<\/strong> (Sarah Eigerman), mise en sc\u00e8ne de l&rsquo;auteur, r\u00f4le du musicien, avec interpr\u00e9tation de morceaux \u00e0 la guitare et au banjo (repr\u00e9sentations en Juin et Juillet 2005).<\/li>\n<li><strong>Elle est l\u00e0<\/strong> (Nathalie Sarraute), mise en sc\u00e8ne de Sarah Leaf, r\u00f4le de H2 (repr\u00e9sentations en Juillet 2004 et F\u00e9vrier 2005).<\/li>\n<li><strong>Le Roi se meurt<\/strong> (Eug\u00e8ne Ionesco), mise en sc\u00e8ne de Christian P\u00e9lissier, r\u00f4le du Roi B\u00e9renger (repr\u00e9sentations de F\u00e9vrier \u00e0 Avril 2004).<br \/>\nPar ailleurs, <a href=\"http:\/\/acmstudio.net\/gmwp\/index.php\/compositions-musicales\/\">composition de la musique pour certaines sc\u00e8nes de la pi\u00e8ce<\/a> (30 minutes de musique originale).<\/li>\n<\/ul>\n<\/div>\n","protected":false},"excerpt":{"rendered":"<p>Petit boulot pour vieux clown (M. Visniec), mise en sc\u00e8ne de Marie Le Stanc, r\u00f4le de Nicollo (Paris, Festival d\u2019Avignon Off 2016 (&gt;&gt; D\u00e9tails&#8230;), puis diverses dates en France) Spectacles de clowns avec la Compagnie des Charbonniers et le C.A.C (Collectif d&rsquo;action clownesque) : 2012 &#8211; 2016. L&rsquo; Hiver sous la table (R. Topor), mise [&hellip;]<\/p>\n","protected":false},"author":1,"featured_media":0,"parent":0,"menu_order":0,"comment_status":"closed","ping_status":"closed","template":"","meta":{"footnotes":""},"_links":{"self":[{"href":"https:\/\/acmstudio.net\/gmwp\/index.php\/wp-json\/wp\/v2\/pages\/223"}],"collection":[{"href":"https:\/\/acmstudio.net\/gmwp\/index.php\/wp-json\/wp\/v2\/pages"}],"about":[{"href":"https:\/\/acmstudio.net\/gmwp\/index.php\/wp-json\/wp\/v2\/types\/page"}],"author":[{"embeddable":true,"href":"https:\/\/acmstudio.net\/gmwp\/index.php\/wp-json\/wp\/v2\/users\/1"}],"replies":[{"embeddable":true,"href":"https:\/\/acmstudio.net\/gmwp\/index.php\/wp-json\/wp\/v2\/comments?post=223"}],"version-history":[{"count":12,"href":"https:\/\/acmstudio.net\/gmwp\/index.php\/wp-json\/wp\/v2\/pages\/223\/revisions"}],"predecessor-version":[{"id":848,"href":"https:\/\/acmstudio.net\/gmwp\/index.php\/wp-json\/wp\/v2\/pages\/223\/revisions\/848"}],"wp:attachment":[{"href":"https:\/\/acmstudio.net\/gmwp\/index.php\/wp-json\/wp\/v2\/media?parent=223"}],"curies":[{"name":"wp","href":"https:\/\/api.w.org\/{rel}","templated":true}]}}