{"id":229,"date":"2018-11-17T15:18:07","date_gmt":"2018-11-17T14:18:07","guid":{"rendered":"http:\/\/acmstudio.net\/gmwp\/?page_id=229"},"modified":"2024-11-11T12:59:52","modified_gmt":"2024-11-11T11:59:52","slug":"scenes","status":"publish","type":"page","link":"https:\/\/acmstudio.net\/gmwp\/index.php\/scenes\/","title":{"rendered":"Sc\u00e8nes"},"content":{"rendered":"<div class=\"gm60\">\n<h6>One man show<\/h6>\n<p>Comment une truite peut-elle vous convaincre de devenir vegan&nbsp;?<br \/>\nPourquoi Vincent Van Gogh s&rsquo;est-il coup\u00e9 l&rsquo;oreille&nbsp;?<br \/>\nComment d\u00e9velopper une carri\u00e8re d&rsquo;humoriste avec l&rsquo;aide du GIGN&nbsp;? <a href=\"https:\/\/acmstudio.net\/gmwp\/index.php\/scenes-one-man-show\/\">&nbsp;&gt;&gt; en savoir plus<\/a><\/p>\n<p>&nbsp;<\/p>\n<\/div>\n<div class=\"gm40\"><a href=\"https:\/\/acmstudio.net\/gmwp\/index.php\/scenes-one-man-show\/\"><img decoding=\"async\" src=\"https:\/\/acmstudio.net\/gmwp\/wp-content\/uploads\/2024\/11\/greg2a-carree-1024x988.jpg\" alt=\"\" class=\"wp-image-863\"\/ width=\"150\" srcset=\"https:\/\/acmstudio.net\/gmwp\/wp-content\/uploads\/2024\/11\/greg2a-carree-1024x988.jpg 1024w, https:\/\/acmstudio.net\/gmwp\/wp-content\/uploads\/2024\/11\/greg2a-carree-300x289.jpg 300w, https:\/\/acmstudio.net\/gmwp\/wp-content\/uploads\/2024\/11\/greg2a-carree-768x741.jpg 768w, https:\/\/acmstudio.net\/gmwp\/wp-content\/uploads\/2024\/11\/greg2a-carree-1536x1481.jpg 1536w, https:\/\/acmstudio.net\/gmwp\/wp-content\/uploads\/2024\/11\/greg2a-carree-2048x1975.jpg 2048w\" sizes=\"(max-width: 1024px) 100vw, 1024px\" \/><\/a><\/div>\n<div class=\"gm60\">\n<h6>Th\u00e9\u00e2tre<\/h6>\n<p>Eug\u00e8ne <strong>Ionesco<\/strong>, Mat\u00e9i <strong>Visniec<\/strong>, Otto <strong>Von Horwath<\/strong>, Nathalie <strong>Sarraute<\/strong>&#8230; \u00e9galement clown avec \u00ab\u00a0<strong>Les Charbonniers<\/strong>\u00a0\u00bb et le \u00ab\u00a0<strong>Collectif d&rsquo; Action Clownesque<\/strong>\u00a0\u00bb <a href=\"http:\/\/acmstudio.net\/gmwp\/index.php\/scenes-theatre\/\">&nbsp;&gt;&gt; en savoir plus<\/a><\/p>\n<\/div>\n<div class=\"gm40\"><a href=\"http:\/\/acmstudio.net\/gmwp\/index.php\/scenes-theatre\/\"><img loading=\"lazy\" decoding=\"async\" class=\"aligncenter size-thumbnail wp-image-233\" src=\"http:\/\/acmstudio.net\/gmwp\/wp-content\/uploads\/2018\/11\/GM-maquillage-carr\u00e9-150x150.jpg\" alt=\"\" width=\"150\" height=\"150\" \/><\/a><\/div>\n<h6><\/h6>\n<div class=\"gm60\">\n<h6>Cin\u00e9ma<\/h6>\n<p>Long m\u00e9trage \u00ab\u00a0<strong>Une lumi\u00e8re dans la brume<\/strong>\u00a0\u00bb (2018), de nombreux courts-m\u00e9trages, auteur-r\u00e9alisateur de \u00ab\u00a0<strong>C&rsquo;est dans la bo\u00eete<\/strong>\u00a0\u00bb <a href=\"http:\/\/acmstudio.net\/gmwp\/index.php\/scenes-cinema\/\">&nbsp;&gt;&gt; en savoir plus<\/a><\/p>\n<\/div>\n<div class=\"gm40\"><a href=\"http:\/\/acmstudio.net\/gmwp\/index.php\/scenes-cinema\/\"><img loading=\"lazy\" decoding=\"async\" class=\"aligncenter size-thumbnail wp-image-240\" src=\"http:\/\/acmstudio.net\/gmwp\/wp-content\/uploads\/2018\/11\/cdlb13-150x150.jpg\" alt=\"\" width=\"150\" height=\"150\" \/><\/a><\/div>\n<h6><\/h6>\n<div class=\"gm60\">\n<h6>Musique<\/h6>\n<p>Guitariste et banjo\u00efste dans \u00ab\u00a0Alice &amp; the riding boys\u00a0\u00bb et de nombreux autres groupes&#8230; <a href=\"http:\/\/acmstudio.net\/gmwp\/index.php\/scenes-musique\/\">&nbsp;&gt;&gt; en savoir plus<\/a><\/p>\n<\/div>\n<div class=\"gm40\"><a href=\"http:\/\/acmstudio.net\/gmwp\/index.php\/scenes-musique\/\"><img loading=\"lazy\" decoding=\"async\" class=\"aligncenter size-thumbnail wp-image-58\" src=\"http:\/\/acmstudio.net\/gmwp\/wp-content\/uploads\/2018\/11\/Alice-and-the-riding-boys-mini-150x150.jpg\" alt=\"\" width=\"150\" height=\"150\" \/><\/a><\/div>\n","protected":false},"excerpt":{"rendered":"<p>One man show Comment une truite peut-elle vous convaincre de devenir vegan&nbsp;? Pourquoi Vincent Van Gogh s&rsquo;est-il coup\u00e9 l&rsquo;oreille&nbsp;? Comment d\u00e9velopper une carri\u00e8re d&rsquo;humoriste avec l&rsquo;aide du GIGN&nbsp;? &nbsp;&gt;&gt; en savoir plus &nbsp; Th\u00e9\u00e2tre Eug\u00e8ne Ionesco, Mat\u00e9i Visniec, Otto Von Horwath, Nathalie Sarraute&#8230; \u00e9galement clown avec \u00ab\u00a0Les Charbonniers\u00a0\u00bb et le \u00ab\u00a0Collectif d&rsquo; Action Clownesque\u00a0\u00bb &nbsp;&gt;&gt; [&hellip;]<\/p>\n","protected":false},"author":1,"featured_media":0,"parent":0,"menu_order":0,"comment_status":"closed","ping_status":"closed","template":"","meta":{"footnotes":""},"_links":{"self":[{"href":"https:\/\/acmstudio.net\/gmwp\/index.php\/wp-json\/wp\/v2\/pages\/229"}],"collection":[{"href":"https:\/\/acmstudio.net\/gmwp\/index.php\/wp-json\/wp\/v2\/pages"}],"about":[{"href":"https:\/\/acmstudio.net\/gmwp\/index.php\/wp-json\/wp\/v2\/types\/page"}],"author":[{"embeddable":true,"href":"https:\/\/acmstudio.net\/gmwp\/index.php\/wp-json\/wp\/v2\/users\/1"}],"replies":[{"embeddable":true,"href":"https:\/\/acmstudio.net\/gmwp\/index.php\/wp-json\/wp\/v2\/comments?post=229"}],"version-history":[{"count":36,"href":"https:\/\/acmstudio.net\/gmwp\/index.php\/wp-json\/wp\/v2\/pages\/229\/revisions"}],"predecessor-version":[{"id":866,"href":"https:\/\/acmstudio.net\/gmwp\/index.php\/wp-json\/wp\/v2\/pages\/229\/revisions\/866"}],"wp:attachment":[{"href":"https:\/\/acmstudio.net\/gmwp\/index.php\/wp-json\/wp\/v2\/media?parent=229"}],"curies":[{"name":"wp","href":"https:\/\/api.w.org\/{rel}","templated":true}]}}