{"id":246,"date":"2018-11-17T15:44:55","date_gmt":"2018-11-17T14:44:55","guid":{"rendered":"http:\/\/acmstudio.net\/gmwp\/?page_id=246"},"modified":"2018-11-18T22:32:42","modified_gmt":"2018-11-18T21:32:42","slug":"scenes-cinema","status":"publish","type":"page","link":"https:\/\/acmstudio.net\/gmwp\/index.php\/scenes-cinema\/","title":{"rendered":"Sc\u00e8nes &#8211; Cin\u00e9ma"},"content":{"rendered":"<div class=\"gm60\">\n<ul>\n<li><strong>Une lumi\u00e8re dans la brume<\/strong>, long m\u00e9trage de Valentin\u00a0Sonnier, r\u00f4le du patron d&rsquo;ONG ; Messieurs Production, 2018. (<a href=\"https:\/\/www.facebook.com\/sonnierproductions\/\" target=\"_blank\" rel=\"noopener\">&gt;&gt; D\u00e9tails&#8230;<\/a>)<br \/>&nbsp;<\/li>\n<li><strong>Courts-m\u00e9trages d&rsquo;\u00e9tudiants<\/strong><br \/>\nActeur dans une trentaine de courts-m\u00e9trages ind\u00e9pendants et\/ou d&rsquo;\u00e9cole (Association TNT, EICAR, CLCF, ESEC, ESRA&#8230;).<br \/>\nDernier en date : Novembre 2017. (<a href=\"https:\/\/www.youtube.com\/watch?v=UfhnE1BgjLw\" target=\"_blank\" rel=\"noopener\">&gt;&gt; Voir&#8230;<\/a>)<\/li>\n<\/ul>\n<\/div>\n<div class=\"gm40\"><img loading=\"lazy\" decoding=\"async\" class=\"aligncenter size-medium wp-image-49\" src=\"http:\/\/acmstudio.net\/gmwp\/wp-content\/uploads\/2018\/11\/Tournage-Lumiere-Brume-2017-10-26b-300x169.jpg\" alt=\"\" width=\"300\" height=\"169\" srcset=\"https:\/\/acmstudio.net\/gmwp\/wp-content\/uploads\/2018\/11\/Tournage-Lumiere-Brume-2017-10-26b-300x169.jpg 300w, https:\/\/acmstudio.net\/gmwp\/wp-content\/uploads\/2018\/11\/Tournage-Lumiere-Brume-2017-10-26b-768x432.jpg 768w, https:\/\/acmstudio.net\/gmwp\/wp-content\/uploads\/2018\/11\/Tournage-Lumiere-Brume-2017-10-26b-600x338.jpg 600w, https:\/\/acmstudio.net\/gmwp\/wp-content\/uploads\/2018\/11\/Tournage-Lumiere-Brume-2017-10-26b.jpg 960w\" sizes=\"(max-width: 300px) 100vw, 300px\" \/><\/div>\n<div class=\"gm100\">\n<ul>\n<li><strong>Bananaroom<\/strong>, de Camille Monin, production Bagheera Films, pr\u00e9sent\u00e9 au <strong>Short Film Corner Cannes 2013<\/strong><br \/>&nbsp;<\/li>\n<li>Publicit\u00e9 <strong>Chat Deal<\/strong>, MS Productions, r\u00f4le du vendeur, Mars 2011.<br \/>&nbsp;<\/li>\n<li><strong>C&rsquo;est dans la boite<\/strong>, auteur, r\u00e9alisateur et acteur, TNT Productions, Avril 2008.<br \/>\ns\u00e9lectionn\u00e9 aux festivals d&rsquo; <strong>Orl\u00e9ans, Rennes, Objectif Images Paris<\/strong> et pr\u00e9sent\u00e9 au <strong>Short Film Corner Cannes<\/strong> 2009. <a href=\"http:\/\/acmstudio.free.fr\/greg\/cdlb.php\" target=\"_blank\" rel=\"noopener\">&gt;&gt;Voir le film&#8230;<\/a><br \/>&nbsp;<\/li>\n<li><strong>Lemming<\/strong>, de Dominik Moll, production Diaphana Films, r\u00f4le d\u2019un employ\u00e9 de bureau (Juillet 2004).<br \/>&nbsp;<\/li>\n<li><strong>Comme une image<\/strong>, d\u2019Agn\u00e8s Jaoui, production Les Films A4, r\u00f4le d\u2019un serveur (Juillet 2003).<br \/>&nbsp;<\/li>\n<li>Membre du <strong>Comit\u00e9 de Lecture de la Maison du Film Court<\/strong> de 2006 \u00e0 2011 , et du <strong>Comit\u00e9 de Lecture de Collectif Prod<\/strong>.<br \/>&nbsp;<\/li>\n<li>Sc\u00e9nariste de courts-m\u00e9trages\u00a0: <a href=\"http:\/\/acmstudio.net\/gmwp\/index.php\/2007\/11\/18\/scenario-de-court-metrage-choukran\/\"><strong>Choukran<\/strong><\/a>, Premier prix des <strong>Lectures Crois\u00e9es S\u00e9quences 7 &#8211; 2010<\/strong> ; nombreux autres scripts.<br \/>&nbsp;<\/li>\n<\/ul>\n<p><a href=\"https:\/\/vimeo.com\/5447519\" target=\"_blank\" rel=\"noopener\">&gt;&gt; Regarder la bande-d\u00e9mo&#8230; <\/a><\/p>\n<\/div>\n","protected":false},"excerpt":{"rendered":"<p>Une lumi\u00e8re dans la brume, long m\u00e9trage de Valentin\u00a0Sonnier, r\u00f4le du patron d&rsquo;ONG ; Messieurs Production, 2018. (&gt;&gt; D\u00e9tails&#8230;)&nbsp; Courts-m\u00e9trages d&rsquo;\u00e9tudiants Acteur dans une trentaine de courts-m\u00e9trages ind\u00e9pendants et\/ou d&rsquo;\u00e9cole (Association TNT, EICAR, CLCF, ESEC, ESRA&#8230;). Dernier en date : Novembre 2017. (&gt;&gt; Voir&#8230;) Bananaroom, de Camille Monin, production Bagheera Films, pr\u00e9sent\u00e9 au Short Film [&hellip;]<\/p>\n","protected":false},"author":1,"featured_media":0,"parent":0,"menu_order":0,"comment_status":"closed","ping_status":"closed","template":"","meta":{"footnotes":""},"_links":{"self":[{"href":"https:\/\/acmstudio.net\/gmwp\/index.php\/wp-json\/wp\/v2\/pages\/246"}],"collection":[{"href":"https:\/\/acmstudio.net\/gmwp\/index.php\/wp-json\/wp\/v2\/pages"}],"about":[{"href":"https:\/\/acmstudio.net\/gmwp\/index.php\/wp-json\/wp\/v2\/types\/page"}],"author":[{"embeddable":true,"href":"https:\/\/acmstudio.net\/gmwp\/index.php\/wp-json\/wp\/v2\/users\/1"}],"replies":[{"embeddable":true,"href":"https:\/\/acmstudio.net\/gmwp\/index.php\/wp-json\/wp\/v2\/comments?post=246"}],"version-history":[{"count":13,"href":"https:\/\/acmstudio.net\/gmwp\/index.php\/wp-json\/wp\/v2\/pages\/246\/revisions"}],"predecessor-version":[{"id":405,"href":"https:\/\/acmstudio.net\/gmwp\/index.php\/wp-json\/wp\/v2\/pages\/246\/revisions\/405"}],"wp:attachment":[{"href":"https:\/\/acmstudio.net\/gmwp\/index.php\/wp-json\/wp\/v2\/media?parent=246"}],"curies":[{"name":"wp","href":"https:\/\/api.w.org\/{rel}","templated":true}]}}