{"id":681,"date":"2024-04-14T18:01:32","date_gmt":"2024-04-14T16:01:32","guid":{"rendered":"https:\/\/acmstudio.net\/gmwp\/?page_id=681"},"modified":"2024-04-14T18:31:53","modified_gmt":"2024-04-14T16:31:53","slug":"ateliers-decriture","status":"publish","type":"page","link":"https:\/\/acmstudio.net\/gmwp\/index.php\/ateliers-decriture\/","title":{"rendered":"Ateliers d&rsquo;\u00e9criture"},"content":{"rendered":"\n<p>Gr\u00e9goire Mar\u00e9chal anime r\u00e9guli\u00e8rement des ateliers d&rsquo;\u00e9criture, notamment dans le cadre des \u00c2nes sensibles. Derniers en date :<\/p>\n\n\n<ul class=\"lcp_catlist\" id=\"lcp_instance_0\"><li><a href=\"https:\/\/acmstudio.net\/gmwp\/index.php\/2025\/02\/14\/atelier-du-15-fevrier-savoir-ecrire-une-bonne-fin\/\">Atelier du 15 f\u00e9vrier : Savoir \u00e9crire une bonne fin<\/a><div class=\"lcp_excerpt\">\nPour le prochain atelier, je vous propose de travailler sur la fin.\nIls se mari\u00e8rent et eurent beaucoup d&rsquo;enfants&#8230;\u00a0 et pas ...<\/div><\/li><li><a href=\"https:\/\/acmstudio.net\/gmwp\/index.php\/2025\/01\/15\/atelier-du-11-janvier-le-son\/\">Atelier du 11 janvier : Le son dans le texte, le son du texte<\/a><div class=\"lcp_excerpt\">\nD\u00e9marrons l&rsquo;ann\u00e9e avec un atelier consacr\u00e9 au son, en travaillant la musicalit\u00e9 du texte, et la fa\u00e7on dont le son ...<\/div><\/li><li><a href=\"https:\/\/acmstudio.net\/gmwp\/index.php\/2024\/12\/19\/atelier-du-8-juin-2024-les-ressorts-comiques\/\">Atelier du 14 d\u00e9cembre : les ressorts comiques<\/a><div class=\"lcp_excerpt\">\n\n\nLes inscriptions sont ouvertes :\nhttps:\/\/www.helloasso.com\/associations\/les-anes-sensibles\nLibre d&rsquo;\u00e9crire &#8211; atelier d&rsquo;\u00e9criture des \u00c2nes sensibles.\nQuand ? Le samedi de 15h \u00e0 17h.\nQuoi ? ...<\/div><\/li><li><a href=\"https:\/\/acmstudio.net\/gmwp\/index.php\/2024\/05\/07\/atelier-du-25-mai-2024-les-dix-commandements-du-clown\/\">Atelier du 25 mai : les dix commandements du clown<\/a><div class=\"lcp_excerpt\">\n\n\nLes inscriptions sont ouvertes :\nhttps:\/\/www.helloasso.com\/associations\/les-anes-sensibles\nLibre d&rsquo;\u00e9crire &#8211; atelier d&rsquo;\u00e9criture des \u00c2nes sensibles.\nQuand ? Le samedi de 15h \u00e0 17h.\nQuoi ? ...<\/div><\/li><li><a href=\"https:\/\/acmstudio.net\/gmwp\/index.php\/2024\/04\/14\/atelier-du-27-avril-2024-l-antagoniste\/\">Atelier du 27 avril : l&rsquo; Antagoniste<\/a><div class=\"lcp_excerpt\">\nLe \u00ab\u00a0m\u00e9chant\u00a0\u00bb doit-il vraiment \u00eatre m\u00e9chant ?\n\n\n\n\nLes inscriptions sont ouvertes :\nhttps:\/\/www.helloasso.com\/associations\/les-anes-sensibles\nLibre d&rsquo;\u00e9crire &#8211; atelier d&rsquo;\u00e9criture des \u00c2nes sensibles.\nQuand ? Le ...<\/div><\/li><li><a href=\"https:\/\/acmstudio.net\/gmwp\/index.php\/2024\/04\/05\/atelier-du-6-avril-le-parler-du-personnage\/\">Atelier du 6 avril : le \u00ab\u00a0parler\u00a0\u00bb du personnage<\/a><div class=\"lcp_excerpt\">\nSavoir faire parler vos personnages !\n\n\n\n\nLes inscriptions sont ouvertes :\nhttps:\/\/www.helloasso.com\/associations\/les-anes-sensibles\nLibre d&rsquo;\u00e9crire &#8211; atelier d&rsquo;\u00e9criture des \u00c2nes sensibles.\nQuand ? Le samedi ...<\/div><\/li><\/ul>\n","protected":false},"excerpt":{"rendered":"<p>Gr\u00e9goire Mar\u00e9chal anime r\u00e9guli\u00e8rement des ateliers d&rsquo;\u00e9criture, notamment dans le cadre des \u00c2nes sensibles. Derniers en date :<\/p>\n","protected":false},"author":1,"featured_media":0,"parent":0,"menu_order":0,"comment_status":"closed","ping_status":"closed","template":"","meta":{"footnotes":""},"_links":{"self":[{"href":"https:\/\/acmstudio.net\/gmwp\/index.php\/wp-json\/wp\/v2\/pages\/681"}],"collection":[{"href":"https:\/\/acmstudio.net\/gmwp\/index.php\/wp-json\/wp\/v2\/pages"}],"about":[{"href":"https:\/\/acmstudio.net\/gmwp\/index.php\/wp-json\/wp\/v2\/types\/page"}],"author":[{"embeddable":true,"href":"https:\/\/acmstudio.net\/gmwp\/index.php\/wp-json\/wp\/v2\/users\/1"}],"replies":[{"embeddable":true,"href":"https:\/\/acmstudio.net\/gmwp\/index.php\/wp-json\/wp\/v2\/comments?post=681"}],"version-history":[{"count":5,"href":"https:\/\/acmstudio.net\/gmwp\/index.php\/wp-json\/wp\/v2\/pages\/681\/revisions"}],"predecessor-version":[{"id":699,"href":"https:\/\/acmstudio.net\/gmwp\/index.php\/wp-json\/wp\/v2\/pages\/681\/revisions\/699"}],"wp:attachment":[{"href":"https:\/\/acmstudio.net\/gmwp\/index.php\/wp-json\/wp\/v2\/media?parent=681"}],"curies":[{"name":"wp","href":"https:\/\/api.w.org\/{rel}","templated":true}]}}